{"id":2348,"date":"2022-08-23T15:06:13","date_gmt":"2022-08-23T19:06:13","guid":{"rendered":"https:\/\/monctonmri.com\/index.php\/la-sante-et-la-securite\/"},"modified":"2023-02-14T15:05:48","modified_gmt":"2023-02-14T20:05:48","slug":"la-sante-et-la-securite","status":"publish","type":"page","link":"https:\/\/monctonmri.com\/fr\/index.php\/la-sante-et-la-securite\/","title":{"rendered":"La sant\u00e9 et la s\u00e9curit\u00e9"},"content":{"rendered":"\n<h2 class=\"wp-block-heading\"><strong>La sant\u00e9 et la s\u00e9curit\u00e9 sont nos priorit\u00e9s<\/strong><\/h2>\n\n<p>Nous sommes ouverts pour vous servir avec un rendez-vous en personne, en toute s\u00e9curit\u00e9.<\/p>\n\n<p>\u00c0 <strong>Moncton MRI<\/strong>, la protection de la sant\u00e9 et de la s\u00e9curit\u00e9 de nos patients, nos clients, nos m\u00e9decins, notre personnel et notre communaut\u00e9 est primordiale et demeure notre plus grande priorit\u00e9. <\/p>\n\n<p>Notre approche pour une installation propre et s\u00fbre pour les tests de diagnostic reste la m\u00eame : notre \u00e9quipe m\u00e9dicale et de gestion a mis en place des mesures visant \u00e0 assurer que nos services soient fournis de mani\u00e8re s\u00fbre et efficace. Ces mesures comprennent le d\u00e9pistage actif de notre personnel et des patients, l&rsquo;utilisation d&rsquo;\u00e9quipement de protection individuelle pour le personnel et les patients, l&rsquo;augmentation des protocoles de nettoyage, la distanciation sociale, l&rsquo;hygi\u00e8ne des mains, ainsi que d&rsquo;autres mesures et politiques. <\/p>\n\n<p>Nous continuons \u00e0 suivre de pr\u00e8s et \u00e0 nous conformer \u00e0 toutes les directives et ordonnances f\u00e9d\u00e9rales et provinciales pertinentes. <\/p>\n\n<p>N&rsquo;h\u00e9sitez pas \u00e0 <a href=\"https:\/\/dev.monctonmri.com\/index.php\/contact\/\" data-type=\"page\" data-id=\"1281\">communiquer avec nous<\/a> pour toute question ou pour de plus amples renseignements. <\/p>\n\n<p><strong>Qu\u2019est que vous pouvez faire comme patient ou patiente pour aider?<\/strong><strong><\/strong><\/p>\n\n<p>Nous demandons que tous nos patients soient vigilants avec leur propre sant\u00e9 en \u00e9tant tr\u00e8s prudents et en suivant toutes les pr\u00e9cautions que nous avons mises en place \u00e0 la clinique.<\/p>\n","protected":false},"excerpt":{"rendered":"<p>La sant\u00e9 et la s\u00e9curit\u00e9 sont nos priorit\u00e9s Nous sommes ouverts pour vous servir avec un rendez-vous en personne, en toute s\u00e9curit\u00e9. \u00c0 Moncton MRI, la protection de la sant\u00e9 et de la s\u00e9curit\u00e9 de nos patients, nos clients, nos m\u00e9decins, notre personnel et notre communaut\u00e9 est primordiale et demeure notre plus grande priorit\u00e9. Notre [&hellip;]<\/p>\n","protected":false},"author":2,"featured_media":0,"parent":0,"menu_order":0,"comment_status":"closed","ping_status":"closed","template":"","meta":{"footnotes":""},"class_list":["post-2348","page","type-page","status-publish","hentry"],"yoast_head":"<!-- This site is optimized with the Yoast SEO plugin v26.3 - https:\/\/yoast.com\/wordpress\/plugins\/seo\/ -->\n<title>La sant\u00e9 et la s\u00e9curit\u00e9 - IRM Moncton MRI<\/title>\n<meta name=\"robots\" content=\"index, follow, max-snippet:-1, max-image-preview:large, max-video-preview:-1\" \/>\n<link rel=\"canonical\" href=\"https:\/\/monctonmri.com\/fr\/index.php\/la-sante-et-la-securite\/\" \/>\n<meta property=\"og:locale\" content=\"fr_FR\" \/>\n<meta property=\"og:type\" content=\"article\" \/>\n<meta property=\"og:title\" content=\"La sant\u00e9 et la s\u00e9curit\u00e9 - IRM Moncton MRI\" \/>\n<meta property=\"og:description\" content=\"La sant\u00e9 et la s\u00e9curit\u00e9 sont nos priorit\u00e9s Nous sommes ouverts pour vous servir avec un rendez-vous en personne, en toute s\u00e9curit\u00e9. \u00c0 Moncton MRI, la protection de la sant\u00e9 et de la s\u00e9curit\u00e9 de nos patients, nos clients, nos m\u00e9decins, notre personnel et notre communaut\u00e9 est primordiale et demeure notre plus grande priorit\u00e9. Notre [&hellip;]\" \/>\n<meta property=\"og:url\" content=\"https:\/\/monctonmri.com\/fr\/index.php\/la-sante-et-la-securite\/\" \/>\n<meta property=\"og:site_name\" content=\"IRM Moncton MRI\" \/>\n<meta property=\"article:publisher\" content=\"https:\/\/www.facebook.com\/p\/IRM-Moncton-MRI-100063714993380\/\" \/>\n<meta property=\"article:modified_time\" content=\"2023-02-14T20:05:48+00:00\" \/>\n<meta name=\"twitter:card\" content=\"summary_large_image\" \/>\n<meta name=\"twitter:label1\" content=\"Dur\u00e9e de lecture estim\u00e9e\" \/>\n\t<meta name=\"twitter:data1\" content=\"1 minute\" \/>\n<script type=\"application\/ld+json\" class=\"yoast-schema-graph\">{\"@context\":\"https:\/\/schema.org\",\"@graph\":[{\"@type\":\"WebPage\",\"@id\":\"https:\/\/monctonmri.com\/fr\/index.php\/la-sante-et-la-securite\/\",\"url\":\"https:\/\/monctonmri.com\/fr\/index.php\/la-sante-et-la-securite\/\",\"name\":\"La sant\u00e9 et la s\u00e9curit\u00e9 - IRM Moncton MRI\",\"isPartOf\":{\"@id\":\"https:\/\/monctonmri.com\/fr\/#website\"},\"datePublished\":\"2022-08-23T19:06:13+00:00\",\"dateModified\":\"2023-02-14T20:05:48+00:00\",\"breadcrumb\":{\"@id\":\"https:\/\/monctonmri.com\/fr\/index.php\/la-sante-et-la-securite\/#breadcrumb\"},\"inLanguage\":\"fr-FR\",\"potentialAction\":[{\"@type\":\"ReadAction\",\"target\":[\"https:\/\/monctonmri.com\/fr\/index.php\/la-sante-et-la-securite\/\"]}]},{\"@type\":\"BreadcrumbList\",\"@id\":\"https:\/\/monctonmri.com\/fr\/index.php\/la-sante-et-la-securite\/#breadcrumb\",\"itemListElement\":[{\"@type\":\"ListItem\",\"position\":1,\"name\":\"Home\",\"item\":\"https:\/\/monctonmri.com\/fr\/\"},{\"@type\":\"ListItem\",\"position\":2,\"name\":\"La sant\u00e9 et la s\u00e9curit\u00e9\"}]},{\"@type\":\"WebSite\",\"@id\":\"https:\/\/monctonmri.com\/fr\/#website\",\"url\":\"https:\/\/monctonmri.com\/fr\/\",\"name\":\"IRM Moncton MRI\",\"description\":\"\",\"publisher\":{\"@id\":\"https:\/\/monctonmri.com\/fr\/#organization\"},\"potentialAction\":[{\"@type\":\"SearchAction\",\"target\":{\"@type\":\"EntryPoint\",\"urlTemplate\":\"https:\/\/monctonmri.com\/fr\/?s={search_term_string}\"},\"query-input\":{\"@type\":\"PropertyValueSpecification\",\"valueRequired\":true,\"valueName\":\"search_term_string\"}}],\"inLanguage\":\"fr-FR\"},{\"@type\":\"Organization\",\"@id\":\"https:\/\/monctonmri.com\/fr\/#organization\",\"name\":\"IRM Moncton MRI\",\"url\":\"https:\/\/monctonmri.com\/fr\/\",\"logo\":{\"@type\":\"ImageObject\",\"inLanguage\":\"fr-FR\",\"@id\":\"https:\/\/monctonmri.com\/fr\/#\/schema\/logo\/image\/\",\"url\":\"https:\/\/monctonmri.com\/wp-content\/uploads\/2022\/03\/IRM-Logo-Small-2x.png\",\"contentUrl\":\"https:\/\/monctonmri.com\/wp-content\/uploads\/2022\/03\/IRM-Logo-Small-2x.png\",\"width\":130,\"height\":93,\"caption\":\"IRM Moncton MRI\"},\"image\":{\"@id\":\"https:\/\/monctonmri.com\/fr\/#\/schema\/logo\/image\/\"},\"sameAs\":[\"https:\/\/www.facebook.com\/p\/IRM-Moncton-MRI-100063714993380\/\"]}]}<\/script>\n<!-- \/ Yoast SEO plugin. -->","yoast_head_json":{"title":"La sant\u00e9 et la s\u00e9curit\u00e9 - IRM Moncton MRI","robots":{"index":"index","follow":"follow","max-snippet":"max-snippet:-1","max-image-preview":"max-image-preview:large","max-video-preview":"max-video-preview:-1"},"canonical":"https:\/\/monctonmri.com\/fr\/index.php\/la-sante-et-la-securite\/","og_locale":"fr_FR","og_type":"article","og_title":"La sant\u00e9 et la s\u00e9curit\u00e9 - IRM Moncton MRI","og_description":"La sant\u00e9 et la s\u00e9curit\u00e9 sont nos priorit\u00e9s Nous sommes ouverts pour vous servir avec un rendez-vous en personne, en toute s\u00e9curit\u00e9. \u00c0 Moncton MRI, la protection de la sant\u00e9 et de la s\u00e9curit\u00e9 de nos patients, nos clients, nos m\u00e9decins, notre personnel et notre communaut\u00e9 est primordiale et demeure notre plus grande priorit\u00e9. Notre [&hellip;]","og_url":"https:\/\/monctonmri.com\/fr\/index.php\/la-sante-et-la-securite\/","og_site_name":"IRM Moncton MRI","article_publisher":"https:\/\/www.facebook.com\/p\/IRM-Moncton-MRI-100063714993380\/","article_modified_time":"2023-02-14T20:05:48+00:00","twitter_card":"summary_large_image","twitter_misc":{"Dur\u00e9e de lecture estim\u00e9e":"1 minute"},"schema":{"@context":"https:\/\/schema.org","@graph":[{"@type":"WebPage","@id":"https:\/\/monctonmri.com\/fr\/index.php\/la-sante-et-la-securite\/","url":"https:\/\/monctonmri.com\/fr\/index.php\/la-sante-et-la-securite\/","name":"La sant\u00e9 et la s\u00e9curit\u00e9 - IRM Moncton MRI","isPartOf":{"@id":"https:\/\/monctonmri.com\/fr\/#website"},"datePublished":"2022-08-23T19:06:13+00:00","dateModified":"2023-02-14T20:05:48+00:00","breadcrumb":{"@id":"https:\/\/monctonmri.com\/fr\/index.php\/la-sante-et-la-securite\/#breadcrumb"},"inLanguage":"fr-FR","potentialAction":[{"@type":"ReadAction","target":["https:\/\/monctonmri.com\/fr\/index.php\/la-sante-et-la-securite\/"]}]},{"@type":"BreadcrumbList","@id":"https:\/\/monctonmri.com\/fr\/index.php\/la-sante-et-la-securite\/#breadcrumb","itemListElement":[{"@type":"ListItem","position":1,"name":"Home","item":"https:\/\/monctonmri.com\/fr\/"},{"@type":"ListItem","position":2,"name":"La sant\u00e9 et la s\u00e9curit\u00e9"}]},{"@type":"WebSite","@id":"https:\/\/monctonmri.com\/fr\/#website","url":"https:\/\/monctonmri.com\/fr\/","name":"IRM Moncton MRI","description":"","publisher":{"@id":"https:\/\/monctonmri.com\/fr\/#organization"},"potentialAction":[{"@type":"SearchAction","target":{"@type":"EntryPoint","urlTemplate":"https:\/\/monctonmri.com\/fr\/?s={search_term_string}"},"query-input":{"@type":"PropertyValueSpecification","valueRequired":true,"valueName":"search_term_string"}}],"inLanguage":"fr-FR"},{"@type":"Organization","@id":"https:\/\/monctonmri.com\/fr\/#organization","name":"IRM Moncton MRI","url":"https:\/\/monctonmri.com\/fr\/","logo":{"@type":"ImageObject","inLanguage":"fr-FR","@id":"https:\/\/monctonmri.com\/fr\/#\/schema\/logo\/image\/","url":"https:\/\/monctonmri.com\/wp-content\/uploads\/2022\/03\/IRM-Logo-Small-2x.png","contentUrl":"https:\/\/monctonmri.com\/wp-content\/uploads\/2022\/03\/IRM-Logo-Small-2x.png","width":130,"height":93,"caption":"IRM Moncton MRI"},"image":{"@id":"https:\/\/monctonmri.com\/fr\/#\/schema\/logo\/image\/"},"sameAs":["https:\/\/www.facebook.com\/p\/IRM-Moncton-MRI-100063714993380\/"]}]}},"_links":{"self":[{"href":"https:\/\/monctonmri.com\/fr\/index.php\/wp-json\/wp\/v2\/pages\/2348","targetHints":{"allow":["GET"]}}],"collection":[{"href":"https:\/\/monctonmri.com\/fr\/index.php\/wp-json\/wp\/v2\/pages"}],"about":[{"href":"https:\/\/monctonmri.com\/fr\/index.php\/wp-json\/wp\/v2\/types\/page"}],"author":[{"embeddable":true,"href":"https:\/\/monctonmri.com\/fr\/index.php\/wp-json\/wp\/v2\/users\/2"}],"replies":[{"embeddable":true,"href":"https:\/\/monctonmri.com\/fr\/index.php\/wp-json\/wp\/v2\/comments?post=2348"}],"version-history":[{"count":1,"href":"https:\/\/monctonmri.com\/fr\/index.php\/wp-json\/wp\/v2\/pages\/2348\/revisions"}],"predecessor-version":[{"id":2349,"href":"https:\/\/monctonmri.com\/fr\/index.php\/wp-json\/wp\/v2\/pages\/2348\/revisions\/2349"}],"wp:attachment":[{"href":"https:\/\/monctonmri.com\/fr\/index.php\/wp-json\/wp\/v2\/media?parent=2348"}],"curies":[{"name":"wp","href":"https:\/\/api.w.org\/{rel}","templated":true}]}}