{"id":2344,"date":"2022-02-22T15:10:26","date_gmt":"2022-02-22T20:10:26","guid":{"rendered":"https:\/\/monctonmri.com\/index.php\/politique-de-confidentialite\/"},"modified":"2023-02-14T12:54:13","modified_gmt":"2023-02-14T17:54:13","slug":"politique-de-confidentialite","status":"publish","type":"page","link":"https:\/\/monctonmri.com\/fr\/index.php\/politique-de-confidentialite\/","title":{"rendered":"Politique de confidentialit\u00e9"},"content":{"rendered":"\n<h2 class=\"wp-block-heading\">Qui nous sommes<\/h2>\n\n<p>Voici l\u2019adresse de notre site Web : https:\/\/monctonmri.com.<\/p>\n\n<h2 class=\"wp-block-heading\">Commentaires<\/h2>\n\n<p>Lorsque les gens qui consultent le site nous laissent des commentaires, nous recueillons les donn\u00e9es affich\u00e9es dans le formulaire de commentaires, ainsi que leur adresse IP et la cha\u00eene d\u2019identification du navigateur pour faciliter la d\u00e9tection du pourriel.<\/p>\n\n<p>Une cha\u00eene anonymis\u00e9e cr\u00e9\u00e9e \u00e0 partir de votre adresse courriel (c\u2019est-\u00e0-dire un algorithme de hachage) peut \u00eatre fournie au service Gravatar pour d\u00e9couvrir si vous l&rsquo;utilisez. Voici la politique de confidentialit\u00e9 du service Gravatar : https:\/\/automattic.com\/privacy\/. Apr\u00e8s validation de votre commentaire, votre photo de profil sera affich\u00e9e publiquement dans le contexte de votre commentaire.<\/p>\n\n<h2 class=\"wp-block-heading\">Images<\/h2>\n\n<p>Si vous t\u00e9l\u00e9chargez des images sur le site Web, vous devriez \u00e9viter de t\u00e9l\u00e9charger des images avec des donn\u00e9es de localisation int\u00e9gr\u00e9es (EXIF GPS). Les gens qui consultent le site Web peuvent t\u00e9l\u00e9charger et extraire toutes les donn\u00e9es de localisation des images sur le site Web.<\/p>\n\n<h2 class=\"wp-block-heading\">T\u00e9moins (Cookies)<\/h2>\n\n<p>Si vous inscrivez un commentaire sur notre site, vous pouvez choisir d&rsquo;enregistrer votre nom, votre adresse courriel et votre site Web dans des t\u00e9moins, ou cookies. Les t\u00e9moins sont pratiques et vous \u00e9vitent de remplir \u00e0 nouveau vos coordonn\u00e9es lorsque vous laissez un autre commentaire. Ces t\u00e9moins sont conserv\u00e9s pendant un an.<\/p>\n\n<p>Si vous visitez notre page de connexion, nous installerons un t\u00e9moin temporaire pour d\u00e9terminer si votre navigateur accepte les t\u00e9moins. Ce t\u00e9moin ne contient aucune donn\u00e9e personnelle et il est supprim\u00e9 lorsque vous fermez votre navigateur.<\/p>\n\n<p>ors de votre connexion, nous mettrons \u00e9galement plusieurs t\u00e9moins en place pour conserver vos informations de connexion et vos choix d&rsquo;affichage \u00e0 l&rsquo;\u00e9cran. Les t\u00e9moins de connexion durent deux jours et les t\u00e9moins d\u2019affichage durent un an. Si vous s\u00e9lectionnez \u00ab Souvenez-vous de moi \u00bb, votre connexion persistera pendant deux semaines. Si vous vous d\u00e9connectez de votre compte, les t\u00e9moins de connexion seront supprim\u00e9s.<\/p>\n\n<p>Si vous modifiez ou publiez un texte, un t\u00e9moin suppl\u00e9mentaire sera enregistr\u00e9 dans votre navigateur. Ce t\u00e9moin ne contient aucune donn\u00e9e personnelle et indique simplement l&rsquo;identificateur de publication du texte que vous venez de modifier. Il est supprim\u00e9 apr\u00e8s 1 jour.<\/p>\n\n<h2 class=\"wp-block-heading\">Contenu int\u00e9gr\u00e9 d&rsquo;autres sites Web<\/h2>\n\n<p>Les textes sur ce site peuvent inclure des contenus int\u00e9gr\u00e9s (par exemple des vid\u00e9os, des images, des textes, etc.). Le contenu int\u00e9gr\u00e9 d&rsquo;autres sites Web est trait\u00e9 exactement de la m\u00eame mani\u00e8re que si la personne consultant notre site avait consult\u00e9 l&rsquo;autre site Web.<\/p>\n\n<p>Ces sites Web peuvent collecter des donn\u00e9es vous concernant, se servir de t\u00e9moins, int\u00e9grer un suivi tiers suppl\u00e9mentaire et surveiller votre interaction avec ce contenu int\u00e9gr\u00e9, y compris le suivi de votre interaction avec le contenu int\u00e9gr\u00e9 si vous avez un compte et si vous \u00eates connect\u00e9 \u00e0 ce site Web.<\/p>\n\n<h2 class=\"wp-block-heading\">Avec qui nous partageons vos donn\u00e9es<\/h2>\n\n<p>Si vous demandez une r\u00e9initialisation de mot de passe, votre adresse IP sera cit\u00e9e dans le courriel de r\u00e9initialisation.<\/p>\n\n<h2 class=\"wp-block-heading\">P\u00e9riode de conservation de vos donn\u00e9es<\/h2>\n\n<p>Si vous laissez un commentaire, le commentaire et ses m\u00e9tadonn\u00e9es sont conserv\u00e9s ind\u00e9finiment. Cela nous permet de reconna\u00eetre et d&rsquo;approuver automatiquement tous les commentaires de suivi au lieu de les conserver dans une file d&rsquo;attente \u00e0 mod\u00e9rer.<\/p>\n\n<p>Pour les utilisateurs qui s&rsquo;inscrivent sur notre site Web (le cas \u00e9ch\u00e9ant), nous conservons \u00e9galement les informations personnelles qu&rsquo;ils fournissent dans leur profil d&rsquo;utilisateur. Tous les utilisateurs peuvent examiner, modifier ou supprimer leurs informations personnelles \u00e0 tout moment (sauf leur nom d&rsquo;utilisateur). Les administrateurs du site Web peuvent \u00e9galement voir et modifier ces informations.<\/p>\n\n<h2 class=\"wp-block-heading\">Vos droits par rapport \u00e0 vos donn\u00e9es<\/h2>\n\n<p>Si vous d\u00e9tenez un compte sur ce site, ou que vous avez laiss\u00e9 des commentaires, vous pouvez demander \u00e0 recevoir un fichier export\u00e9 des donn\u00e9es personnelles que nous d\u00e9tenons \u00e0 votre sujet, y compris toutes les donn\u00e9es que vous nous avez fournies. Vous pouvez \u00e9galement nous demander d&rsquo;effacer toutes les donn\u00e9es personnelles que nous d\u00e9tenons \u00e0 votre sujet. Cela n&rsquo;inclut pas les donn\u00e9es que nous sommes oblig\u00e9s de conserver \u00e0 des fins administratives, juridiques ou s\u00e9curitaires.<\/p>\n\n<h2 class=\"wp-block-heading\">O\u00f9 nous acheminons vos donn\u00e9es<\/h2>\n\n<p>Les commentaires des gens qui consultent notre site peuvent \u00eatre v\u00e9rifi\u00e9s par un service automatis\u00e9 de d\u00e9tection de pourriel.<\/p>\n","protected":false},"excerpt":{"rendered":"<p>Qui nous sommes Voici l\u2019adresse de notre site Web : https:\/\/monctonmri.com. Commentaires Lorsque les gens qui consultent le site nous laissent des commentaires, nous recueillons les donn\u00e9es affich\u00e9es dans le formulaire de commentaires, ainsi que leur adresse IP et la cha\u00eene d\u2019identification du navigateur pour faciliter la d\u00e9tection du pourriel. Une cha\u00eene anonymis\u00e9e cr\u00e9\u00e9e \u00e0 [&hellip;]<\/p>\n","protected":false},"author":1,"featured_media":0,"parent":0,"menu_order":0,"comment_status":"closed","ping_status":"open","template":"","meta":{"footnotes":""},"class_list":["post-2344","page","type-page","status-publish","hentry"],"yoast_head":"<!-- This site is optimized with the Yoast SEO plugin v26.3 - https:\/\/yoast.com\/wordpress\/plugins\/seo\/ -->\n<title>Politique de confidentialit\u00e9 - IRM Moncton MRI<\/title>\n<meta name=\"robots\" content=\"index, follow, max-snippet:-1, max-image-preview:large, max-video-preview:-1\" \/>\n<link rel=\"canonical\" href=\"https:\/\/monctonmri.com\/fr\/index.php\/politique-de-confidentialite\/\" \/>\n<meta property=\"og:locale\" content=\"fr_FR\" \/>\n<meta property=\"og:type\" content=\"article\" \/>\n<meta property=\"og:title\" content=\"Politique de confidentialit\u00e9 - IRM Moncton MRI\" \/>\n<meta property=\"og:description\" content=\"Qui nous sommes Voici l\u2019adresse de notre site Web : https:\/\/monctonmri.com. Commentaires Lorsque les gens qui consultent le site nous laissent des commentaires, nous recueillons les donn\u00e9es affich\u00e9es dans le formulaire de commentaires, ainsi que leur adresse IP et la cha\u00eene d\u2019identification du navigateur pour faciliter la d\u00e9tection du pourriel. Une cha\u00eene anonymis\u00e9e cr\u00e9\u00e9e \u00e0 [&hellip;]\" \/>\n<meta property=\"og:url\" content=\"https:\/\/monctonmri.com\/fr\/index.php\/politique-de-confidentialite\/\" \/>\n<meta property=\"og:site_name\" content=\"IRM Moncton MRI\" \/>\n<meta property=\"article:publisher\" content=\"https:\/\/www.facebook.com\/p\/IRM-Moncton-MRI-100063714993380\/\" \/>\n<meta property=\"article:modified_time\" content=\"2023-02-14T17:54:13+00:00\" \/>\n<meta name=\"twitter:card\" content=\"summary_large_image\" \/>\n<meta name=\"twitter:label1\" content=\"Dur\u00e9e de lecture estim\u00e9e\" \/>\n\t<meta name=\"twitter:data1\" content=\"4 minutes\" \/>\n<script type=\"application\/ld+json\" class=\"yoast-schema-graph\">{\"@context\":\"https:\/\/schema.org\",\"@graph\":[{\"@type\":\"WebPage\",\"@id\":\"https:\/\/monctonmri.com\/fr\/index.php\/politique-de-confidentialite\/\",\"url\":\"https:\/\/monctonmri.com\/fr\/index.php\/politique-de-confidentialite\/\",\"name\":\"Politique de confidentialit\u00e9 - IRM Moncton MRI\",\"isPartOf\":{\"@id\":\"https:\/\/monctonmri.com\/fr\/#website\"},\"datePublished\":\"2022-02-22T20:10:26+00:00\",\"dateModified\":\"2023-02-14T17:54:13+00:00\",\"breadcrumb\":{\"@id\":\"https:\/\/monctonmri.com\/fr\/index.php\/politique-de-confidentialite\/#breadcrumb\"},\"inLanguage\":\"fr-FR\",\"potentialAction\":[{\"@type\":\"ReadAction\",\"target\":[\"https:\/\/monctonmri.com\/fr\/index.php\/politique-de-confidentialite\/\"]}]},{\"@type\":\"BreadcrumbList\",\"@id\":\"https:\/\/monctonmri.com\/fr\/index.php\/politique-de-confidentialite\/#breadcrumb\",\"itemListElement\":[{\"@type\":\"ListItem\",\"position\":1,\"name\":\"Home\",\"item\":\"https:\/\/monctonmri.com\/fr\/\"},{\"@type\":\"ListItem\",\"position\":2,\"name\":\"Politique de confidentialit\u00e9\"}]},{\"@type\":\"WebSite\",\"@id\":\"https:\/\/monctonmri.com\/fr\/#website\",\"url\":\"https:\/\/monctonmri.com\/fr\/\",\"name\":\"IRM Moncton MRI\",\"description\":\"\",\"publisher\":{\"@id\":\"https:\/\/monctonmri.com\/fr\/#organization\"},\"potentialAction\":[{\"@type\":\"SearchAction\",\"target\":{\"@type\":\"EntryPoint\",\"urlTemplate\":\"https:\/\/monctonmri.com\/fr\/?s={search_term_string}\"},\"query-input\":{\"@type\":\"PropertyValueSpecification\",\"valueRequired\":true,\"valueName\":\"search_term_string\"}}],\"inLanguage\":\"fr-FR\"},{\"@type\":\"Organization\",\"@id\":\"https:\/\/monctonmri.com\/fr\/#organization\",\"name\":\"IRM Moncton MRI\",\"url\":\"https:\/\/monctonmri.com\/fr\/\",\"logo\":{\"@type\":\"ImageObject\",\"inLanguage\":\"fr-FR\",\"@id\":\"https:\/\/monctonmri.com\/fr\/#\/schema\/logo\/image\/\",\"url\":\"https:\/\/monctonmri.com\/wp-content\/uploads\/2022\/03\/IRM-Logo-Small-2x.png\",\"contentUrl\":\"https:\/\/monctonmri.com\/wp-content\/uploads\/2022\/03\/IRM-Logo-Small-2x.png\",\"width\":130,\"height\":93,\"caption\":\"IRM Moncton MRI\"},\"image\":{\"@id\":\"https:\/\/monctonmri.com\/fr\/#\/schema\/logo\/image\/\"},\"sameAs\":[\"https:\/\/www.facebook.com\/p\/IRM-Moncton-MRI-100063714993380\/\"]}]}<\/script>\n<!-- \/ Yoast SEO plugin. -->","yoast_head_json":{"title":"Politique de confidentialit\u00e9 - IRM Moncton MRI","robots":{"index":"index","follow":"follow","max-snippet":"max-snippet:-1","max-image-preview":"max-image-preview:large","max-video-preview":"max-video-preview:-1"},"canonical":"https:\/\/monctonmri.com\/fr\/index.php\/politique-de-confidentialite\/","og_locale":"fr_FR","og_type":"article","og_title":"Politique de confidentialit\u00e9 - IRM Moncton MRI","og_description":"Qui nous sommes Voici l\u2019adresse de notre site Web : https:\/\/monctonmri.com. Commentaires Lorsque les gens qui consultent le site nous laissent des commentaires, nous recueillons les donn\u00e9es affich\u00e9es dans le formulaire de commentaires, ainsi que leur adresse IP et la cha\u00eene d\u2019identification du navigateur pour faciliter la d\u00e9tection du pourriel. Une cha\u00eene anonymis\u00e9e cr\u00e9\u00e9e \u00e0 [&hellip;]","og_url":"https:\/\/monctonmri.com\/fr\/index.php\/politique-de-confidentialite\/","og_site_name":"IRM Moncton MRI","article_publisher":"https:\/\/www.facebook.com\/p\/IRM-Moncton-MRI-100063714993380\/","article_modified_time":"2023-02-14T17:54:13+00:00","twitter_card":"summary_large_image","twitter_misc":{"Dur\u00e9e de lecture estim\u00e9e":"4 minutes"},"schema":{"@context":"https:\/\/schema.org","@graph":[{"@type":"WebPage","@id":"https:\/\/monctonmri.com\/fr\/index.php\/politique-de-confidentialite\/","url":"https:\/\/monctonmri.com\/fr\/index.php\/politique-de-confidentialite\/","name":"Politique de confidentialit\u00e9 - IRM Moncton MRI","isPartOf":{"@id":"https:\/\/monctonmri.com\/fr\/#website"},"datePublished":"2022-02-22T20:10:26+00:00","dateModified":"2023-02-14T17:54:13+00:00","breadcrumb":{"@id":"https:\/\/monctonmri.com\/fr\/index.php\/politique-de-confidentialite\/#breadcrumb"},"inLanguage":"fr-FR","potentialAction":[{"@type":"ReadAction","target":["https:\/\/monctonmri.com\/fr\/index.php\/politique-de-confidentialite\/"]}]},{"@type":"BreadcrumbList","@id":"https:\/\/monctonmri.com\/fr\/index.php\/politique-de-confidentialite\/#breadcrumb","itemListElement":[{"@type":"ListItem","position":1,"name":"Home","item":"https:\/\/monctonmri.com\/fr\/"},{"@type":"ListItem","position":2,"name":"Politique de confidentialit\u00e9"}]},{"@type":"WebSite","@id":"https:\/\/monctonmri.com\/fr\/#website","url":"https:\/\/monctonmri.com\/fr\/","name":"IRM Moncton MRI","description":"","publisher":{"@id":"https:\/\/monctonmri.com\/fr\/#organization"},"potentialAction":[{"@type":"SearchAction","target":{"@type":"EntryPoint","urlTemplate":"https:\/\/monctonmri.com\/fr\/?s={search_term_string}"},"query-input":{"@type":"PropertyValueSpecification","valueRequired":true,"valueName":"search_term_string"}}],"inLanguage":"fr-FR"},{"@type":"Organization","@id":"https:\/\/monctonmri.com\/fr\/#organization","name":"IRM Moncton MRI","url":"https:\/\/monctonmri.com\/fr\/","logo":{"@type":"ImageObject","inLanguage":"fr-FR","@id":"https:\/\/monctonmri.com\/fr\/#\/schema\/logo\/image\/","url":"https:\/\/monctonmri.com\/wp-content\/uploads\/2022\/03\/IRM-Logo-Small-2x.png","contentUrl":"https:\/\/monctonmri.com\/wp-content\/uploads\/2022\/03\/IRM-Logo-Small-2x.png","width":130,"height":93,"caption":"IRM Moncton MRI"},"image":{"@id":"https:\/\/monctonmri.com\/fr\/#\/schema\/logo\/image\/"},"sameAs":["https:\/\/www.facebook.com\/p\/IRM-Moncton-MRI-100063714993380\/"]}]}},"_links":{"self":[{"href":"https:\/\/monctonmri.com\/fr\/index.php\/wp-json\/wp\/v2\/pages\/2344","targetHints":{"allow":["GET"]}}],"collection":[{"href":"https:\/\/monctonmri.com\/fr\/index.php\/wp-json\/wp\/v2\/pages"}],"about":[{"href":"https:\/\/monctonmri.com\/fr\/index.php\/wp-json\/wp\/v2\/types\/page"}],"author":[{"embeddable":true,"href":"https:\/\/monctonmri.com\/fr\/index.php\/wp-json\/wp\/v2\/users\/1"}],"replies":[{"embeddable":true,"href":"https:\/\/monctonmri.com\/fr\/index.php\/wp-json\/wp\/v2\/comments?post=2344"}],"version-history":[{"count":1,"href":"https:\/\/monctonmri.com\/fr\/index.php\/wp-json\/wp\/v2\/pages\/2344\/revisions"}],"predecessor-version":[{"id":2345,"href":"https:\/\/monctonmri.com\/fr\/index.php\/wp-json\/wp\/v2\/pages\/2344\/revisions\/2345"}],"wp:attachment":[{"href":"https:\/\/monctonmri.com\/fr\/index.php\/wp-json\/wp\/v2\/media?parent=2344"}],"curies":[{"name":"wp","href":"https:\/\/api.w.org\/{rel}","templated":true}]}}